{"id":77,"date":"2025-09-18T13:53:59","date_gmt":"2025-09-18T19:53:59","guid":{"rendered":"https:\/\/les.fa.unam.mx\/?page_id=77"},"modified":"2025-09-18T23:08:29","modified_gmt":"2025-09-19T05:08:29","slug":"monitoreo-energetico","status":"publish","type":"page","link":"https:\/\/les.fa.unam.mx\/index.php\/monitoreo-energetico\/","title":{"rendered":"Monitoreo Energ\u00e9tico"},"content":{"rendered":"\n<p>El grupo de profesores del LES colaboraron en el 2022 y 2023 con la Agencia Suiza para el Desarrollo y la Cooperaci\u00f3n (COSUDE) para desarrollar e implementar un sistema de monitoreo energ\u00e9tico en viviendas de inter\u00e9s social en Tulum con un clima c\u00e1lido h\u00famedo. Las viviendas con y sin estrategias de dise\u00f1o eficientes energ\u00e9ticamente (EE), se monitorearon durante 3 estaciones del a\u00f1o con el objetivo de comprobar ahorros energ\u00e9ticos al implementar estrategias EE. Pulsa el siguiente enlace para m\u00e1s informaci\u00f3n:&nbsp;&nbsp; <\/p>\n\n\n\n<p><a href=\"https:\/\/proyectoceela.com\/download\/informe-de-resultados-de-monitoreo-showcase-mexico-noviembre-2023\/\">https:\/\/proyectoceela.com\/download\/informe-de-resultados-de-monitoreo-showcase-mexico-noviembre-2023\/<\/a><\/p>\n\n\n\n<div class=\"wp-block-buttons is-layout-flex wp-block-buttons-is-layout-flex\">\n<div class=\"wp-block-button\"><a class=\"wp-block-button__link wp-element-button\" href=\"https:\/\/les.fa.unam.mx\/wp-admin\/post.php?post=27&amp;action=edit\">INICIO<\/a><\/div>\n<\/div>\n\n\n\n<p><\/p>\n","protected":false},"excerpt":{"rendered":"<p>El grupo de profesores del LES colaboraron en el 2022 y 2023 con la Agencia Suiza para el Desarrollo y la Cooperaci\u00f3n (COSUDE) para desarrollar e implementar un sistema de monitoreo energ\u00e9tico en viviendas de inter\u00e9s social en Tulum con un clima c\u00e1lido h\u00famedo. Las viviendas con y sin estrategias de dise\u00f1o eficientes energ\u00e9ticamente (EE),&#8230;<\/p>\n","protected":false},"author":1,"featured_media":0,"parent":0,"menu_order":0,"comment_status":"closed","ping_status":"closed","template":"","meta":{"_themeisle_gutenberg_block_has_review":false,"_kad_post_transparent":"","_kad_post_title":"","_kad_post_layout":"","_kad_post_sidebar_id":"","_kad_post_content_style":"","_kad_post_vertical_padding":"","_kad_post_feature":"","_kad_post_feature_position":"","_kad_post_header":false,"_kad_post_footer":false,"footnotes":""},"class_list":["post-77","page","type-page","status-publish","hentry"],"_links":{"self":[{"href":"https:\/\/les.fa.unam.mx\/index.php\/wp-json\/wp\/v2\/pages\/77","targetHints":{"allow":["GET"]}}],"collection":[{"href":"https:\/\/les.fa.unam.mx\/index.php\/wp-json\/wp\/v2\/pages"}],"about":[{"href":"https:\/\/les.fa.unam.mx\/index.php\/wp-json\/wp\/v2\/types\/page"}],"author":[{"embeddable":true,"href":"https:\/\/les.fa.unam.mx\/index.php\/wp-json\/wp\/v2\/users\/1"}],"replies":[{"embeddable":true,"href":"https:\/\/les.fa.unam.mx\/index.php\/wp-json\/wp\/v2\/comments?post=77"}],"version-history":[{"count":4,"href":"https:\/\/les.fa.unam.mx\/index.php\/wp-json\/wp\/v2\/pages\/77\/revisions"}],"predecessor-version":[{"id":162,"href":"https:\/\/les.fa.unam.mx\/index.php\/wp-json\/wp\/v2\/pages\/77\/revisions\/162"}],"wp:attachment":[{"href":"https:\/\/les.fa.unam.mx\/index.php\/wp-json\/wp\/v2\/media?parent=77"}],"curies":[{"name":"wp","href":"https:\/\/api.w.org\/{rel}","templated":true}]}}