{"id":75,"date":"2025-09-18T13:19:24","date_gmt":"2025-09-18T19:19:24","guid":{"rendered":"https:\/\/les.fa.unam.mx\/?page_id=75"},"modified":"2025-09-18T23:07:36","modified_gmt":"2025-09-19T05:07:36","slug":"grupos-de-investigacion","status":"publish","type":"page","link":"https:\/\/les.fa.unam.mx\/index.php\/grupos-de-investigacion\/","title":{"rendered":"Grupos de Investigaci\u00f3n"},"content":{"rendered":"\n<p>En el sentido de tener un mayor impacto y contribuci\u00f3n a trav\u00e9s de la creaci\u00f3n de nuevo conocimiento con base en los proyectos de investigaci\u00f3n, los profesores del LES actualmente forman parte de grupos de investigaci\u00f3n tanto interdisciplinarios como internacionales.<\/p>\n\n\n\n<p>Grupo de investigaci\u00f3n \u201cRed Iberoamericana de Pobreza Energ\u00e9tica y bienestar ambiental\u201c (RIPEBA). Es un grupo de investigadores de Iberoam\u00e9rica que tiene como objetivo el estudio, evaluaci\u00f3n y generaci\u00f3n de indicadores y estrategias de dise\u00f1o y construcci\u00f3n sostenible para edificaci\u00f3n a fin de reducir la pobreza energ\u00e9tica en Iberoam\u00e9rica y mejorar el bienestar ambiental, promover el uso de energ\u00eda limpia y segura en un escenario postpandemia y, el incremento, intercambio y transferencia de conocimiento y tecnolog\u00edas. Pulsa el siguiente enlace para m\u00e1s informaci\u00f3n:\u00a0\u00a0 <a href=\"https:\/\/www.cyted.org\/ripeba\">https:\/\/www.cyted.org\/ripeba<\/a><\/p>\n\n\n\n<p>Grupos Interdisciplinarios de Investigaci\u00f3n. Es un grupo de profesores e investigadores de diferentes dependencias e instituciones, coordinado por el Instituto de Ingenier\u00eda de la UNAM, que desarrollan proyectos de investigaci\u00f3n inter y transdisciplinarios en diferentes partes de la Rep\u00fablica Mexicana en colaboraci\u00f3n con las comunidades y gobierno, para el desarrollo de ciudades inteligentes. Pulsa el siguiente link para mayor informaci\u00f3n:\u00a0\u00a0<\/p>\n\n\n\n<p><a href=\"https:\/\/www.iingen.unam.mx\/es-mx\/Investigacion\/GII\/Paginas\/rt\/Grupos.aspx\">https:\/\/www.iingen.unam.mx\/es-mx\/Investigacion\/GII\/Paginas\/rt\/Grupos.aspx#:~:text=Los%20Grupos%20Interdisciplinarios%20de%20Investigaci\u00f3n%20(GII)%20son%20una%20l%C3%ADnea%20acad\u00e9mica,estrat\u00e9gico%20de%20investigaci\u00f3n%20(ETEI)<\/a><\/p>\n\n\n\n<div class=\"wp-block-buttons is-layout-flex wp-block-buttons-is-layout-flex\">\n<div class=\"wp-block-button\"><a class=\"wp-block-button__link wp-element-button\" href=\"https:\/\/les.fa.unam.mx\/wp-admin\/post.php?post=27&amp;action=edit\">INICIO<\/a><\/div>\n<\/div>\n\n\n\n<p><\/p>\n","protected":false},"excerpt":{"rendered":"<p>En el sentido de tener un mayor impacto y contribuci\u00f3n a trav\u00e9s de la creaci\u00f3n de nuevo conocimiento con base en los proyectos de investigaci\u00f3n, los profesores del LES actualmente forman parte de grupos de investigaci\u00f3n tanto interdisciplinarios como internacionales. Grupo de investigaci\u00f3n \u201cRed Iberoamericana de Pobreza Energ\u00e9tica y bienestar ambiental\u201c (RIPEBA). Es un grupo&#8230;<\/p>\n","protected":false},"author":1,"featured_media":0,"parent":0,"menu_order":0,"comment_status":"closed","ping_status":"closed","template":"","meta":{"_themeisle_gutenberg_block_has_review":false,"_kad_post_transparent":"","_kad_post_title":"","_kad_post_layout":"","_kad_post_sidebar_id":"","_kad_post_content_style":"","_kad_post_vertical_padding":"","_kad_post_feature":"","_kad_post_feature_position":"","_kad_post_header":false,"_kad_post_footer":false,"footnotes":""},"class_list":["post-75","page","type-page","status-publish","hentry"],"_links":{"self":[{"href":"https:\/\/les.fa.unam.mx\/index.php\/wp-json\/wp\/v2\/pages\/75","targetHints":{"allow":["GET"]}}],"collection":[{"href":"https:\/\/les.fa.unam.mx\/index.php\/wp-json\/wp\/v2\/pages"}],"about":[{"href":"https:\/\/les.fa.unam.mx\/index.php\/wp-json\/wp\/v2\/types\/page"}],"author":[{"embeddable":true,"href":"https:\/\/les.fa.unam.mx\/index.php\/wp-json\/wp\/v2\/users\/1"}],"replies":[{"embeddable":true,"href":"https:\/\/les.fa.unam.mx\/index.php\/wp-json\/wp\/v2\/comments?post=75"}],"version-history":[{"count":3,"href":"https:\/\/les.fa.unam.mx\/index.php\/wp-json\/wp\/v2\/pages\/75\/revisions"}],"predecessor-version":[{"id":161,"href":"https:\/\/les.fa.unam.mx\/index.php\/wp-json\/wp\/v2\/pages\/75\/revisions\/161"}],"wp:attachment":[{"href":"https:\/\/les.fa.unam.mx\/index.php\/wp-json\/wp\/v2\/media?parent=75"}],"curies":[{"name":"wp","href":"https:\/\/api.w.org\/{rel}","templated":true}]}}