{"id":73,"date":"2025-09-18T13:18:52","date_gmt":"2025-09-18T19:18:52","guid":{"rendered":"https:\/\/les.fa.unam.mx\/?page_id=73"},"modified":"2025-09-18T23:02:28","modified_gmt":"2025-09-19T05:02:28","slug":"difusion","status":"publish","type":"page","link":"https:\/\/les.fa.unam.mx\/index.php\/difusion\/","title":{"rendered":"Difusi\u00f3n"},"content":{"rendered":"\n<p>Dentro del LES es importante difundir los trabajos tanto de docencia como de investigaci\u00f3n. La difusi\u00f3n de estos trabajos se realiza a trav\u00e9s de conferencias, art\u00edculos de divulgaci\u00f3n, entrevistas de radio y televisi\u00f3n<\/p>\n\n\n\n<figure class=\"wp-block-gallery has-nested-images columns-default is-cropped wp-block-gallery-1 is-layout-flex wp-block-gallery-is-layout-flex\">\n<figure class=\"wp-block-image size-large\"><img fetchpriority=\"high\" decoding=\"async\" width=\"1024\" height=\"768\" data-id=\"13\" src=\"https:\/\/les.fa.unam.mx\/wp-content\/uploads\/2025\/06\/img2-1024x768.jpg\" alt=\"\" class=\"wp-image-13\" srcset=\"https:\/\/les.fa.unam.mx\/wp-content\/uploads\/2025\/06\/img2-1024x768.jpg 1024w, https:\/\/les.fa.unam.mx\/wp-content\/uploads\/2025\/06\/img2-300x225.jpg 300w, https:\/\/les.fa.unam.mx\/wp-content\/uploads\/2025\/06\/img2-768x576.jpg 768w, https:\/\/les.fa.unam.mx\/wp-content\/uploads\/2025\/06\/img2-1536x1152.jpg 1536w, https:\/\/les.fa.unam.mx\/wp-content\/uploads\/2025\/06\/img2.jpg 1920w\" sizes=\"(max-width: 1024px) 100vw, 1024px\" \/><\/figure>\n\n\n\n<figure class=\"wp-block-image size-large\"><img decoding=\"async\" width=\"768\" height=\"1024\" data-id=\"12\" src=\"https:\/\/les.fa.unam.mx\/wp-content\/uploads\/2025\/06\/img3-768x1024.jpg\" alt=\"\" class=\"wp-image-12\" srcset=\"https:\/\/les.fa.unam.mx\/wp-content\/uploads\/2025\/06\/img3-768x1024.jpg 768w, https:\/\/les.fa.unam.mx\/wp-content\/uploads\/2025\/06\/img3-225x300.jpg 225w, https:\/\/les.fa.unam.mx\/wp-content\/uploads\/2025\/06\/img3-1152x1536.jpg 1152w, https:\/\/les.fa.unam.mx\/wp-content\/uploads\/2025\/06\/img3.jpg 1440w\" sizes=\"(max-width: 768px) 100vw, 768px\" \/><\/figure>\n\n\n\n<figure class=\"wp-block-image size-large\"><img decoding=\"async\" width=\"1024\" height=\"768\" data-id=\"11\" src=\"https:\/\/les.fa.unam.mx\/wp-content\/uploads\/2025\/06\/img4-1024x768.jpg\" alt=\"\" class=\"wp-image-11\" srcset=\"https:\/\/les.fa.unam.mx\/wp-content\/uploads\/2025\/06\/img4-1024x768.jpg 1024w, https:\/\/les.fa.unam.mx\/wp-content\/uploads\/2025\/06\/img4-300x225.jpg 300w, https:\/\/les.fa.unam.mx\/wp-content\/uploads\/2025\/06\/img4-768x576.jpg 768w, https:\/\/les.fa.unam.mx\/wp-content\/uploads\/2025\/06\/img4-1536x1152.jpg 1536w, https:\/\/les.fa.unam.mx\/wp-content\/uploads\/2025\/06\/img4.jpg 1920w\" sizes=\"(max-width: 1024px) 100vw, 1024px\" \/><\/figure>\n<\/figure>\n\n\n\n<div class=\"wp-block-buttons is-layout-flex wp-block-buttons-is-layout-flex\">\n<div class=\"wp-block-button\"><a class=\"wp-block-button__link wp-element-button\" href=\"https:\/\/les.fa.unam.mx\/wp-admin\/post.php?post=27&amp;action=edit\">INICIO<\/a><\/div>\n<\/div>\n\n\n\n<p><\/p>\n","protected":false},"excerpt":{"rendered":"<p>Dentro del LES es importante difundir los trabajos tanto de docencia como de investigaci\u00f3n. La difusi\u00f3n de estos trabajos se realiza a trav\u00e9s de conferencias, art\u00edculos de divulgaci\u00f3n, entrevistas de radio y televisi\u00f3n<\/p>\n","protected":false},"author":1,"featured_media":0,"parent":0,"menu_order":0,"comment_status":"closed","ping_status":"closed","template":"","meta":{"_themeisle_gutenberg_block_has_review":false,"_kad_post_transparent":"","_kad_post_title":"","_kad_post_layout":"","_kad_post_sidebar_id":"","_kad_post_content_style":"","_kad_post_vertical_padding":"","_kad_post_feature":"","_kad_post_feature_position":"","_kad_post_header":false,"_kad_post_footer":false,"footnotes":""},"class_list":["post-73","page","type-page","status-publish","hentry"],"_links":{"self":[{"href":"https:\/\/les.fa.unam.mx\/index.php\/wp-json\/wp\/v2\/pages\/73","targetHints":{"allow":["GET"]}}],"collection":[{"href":"https:\/\/les.fa.unam.mx\/index.php\/wp-json\/wp\/v2\/pages"}],"about":[{"href":"https:\/\/les.fa.unam.mx\/index.php\/wp-json\/wp\/v2\/types\/page"}],"author":[{"embeddable":true,"href":"https:\/\/les.fa.unam.mx\/index.php\/wp-json\/wp\/v2\/users\/1"}],"replies":[{"embeddable":true,"href":"https:\/\/les.fa.unam.mx\/index.php\/wp-json\/wp\/v2\/comments?post=73"}],"version-history":[{"count":3,"href":"https:\/\/les.fa.unam.mx\/index.php\/wp-json\/wp\/v2\/pages\/73\/revisions"}],"predecessor-version":[{"id":154,"href":"https:\/\/les.fa.unam.mx\/index.php\/wp-json\/wp\/v2\/pages\/73\/revisions\/154"}],"wp:attachment":[{"href":"https:\/\/les.fa.unam.mx\/index.php\/wp-json\/wp\/v2\/media?parent=73"}],"curies":[{"name":"wp","href":"https:\/\/api.w.org\/{rel}","templated":true}]}}