{"id":52,"date":"2025-09-18T13:53:25","date_gmt":"2025-09-18T19:53:25","guid":{"rendered":"https:\/\/les.fa.unam.mx\/?page_id=52"},"modified":"2025-09-18T23:09:11","modified_gmt":"2025-09-19T05:09:11","slug":"practicas-de-laboratorio","status":"publish","type":"page","link":"https:\/\/les.fa.unam.mx\/index.php\/practicas-de-laboratorio\/","title":{"rendered":"Pr\u00e1cticas de Laboratorio"},"content":{"rendered":"\n<p class=\"has-text-align-left\">La Arquitectura se aprende tambi\u00e9n haciendo: es una disciplina muy f\u00edsica, a trav\u00e9s de la cual se trabaja con materia y energ\u00eda que obedecen a leyes relacionadas a procesos&nbsp; din\u00e1micas como son flujos de agua, corriente el\u00e9ctrica, conducci\u00f3n de calor, transmisi\u00f3n de luz, etc. Para reforzar el aprendizaje mediante la praxis, en el LES se realizan ejercicios pr\u00e1cticos, para profesores y alumn@s, que refuerzan el proceso de ense\u00f1anza-aprendizaje de conceptos tanto b\u00e1sicos como especializados, en relaci\u00f3n con energ\u00eda, luz, calor, aire, y propiedades t\u00e9rmicas y \u00f3pticas de los materiales.<\/p>\n\n\n\n<div class=\"wp-block-buttons is-layout-flex wp-block-buttons-is-layout-flex\">\n<div class=\"wp-block-button\"><a class=\"wp-block-button__link wp-element-button\" href=\"https:\/\/les.fa.unam.mx\/wp-admin\/post.php?post=27&amp;action=edit\">INICIO<\/a><\/div>\n<\/div>\n\n\n\n<p><\/p>\n","protected":false},"excerpt":{"rendered":"<p>La Arquitectura se aprende tambi\u00e9n haciendo: es una disciplina muy f\u00edsica, a trav\u00e9s de la cual se trabaja con materia y energ\u00eda que obedecen a leyes relacionadas a procesos&nbsp; din\u00e1micas como son flujos de agua, corriente el\u00e9ctrica, conducci\u00f3n de calor, transmisi\u00f3n de luz, etc. Para reforzar el aprendizaje mediante la praxis, en el LES se&#8230;<\/p>\n","protected":false},"author":1,"featured_media":0,"parent":0,"menu_order":0,"comment_status":"closed","ping_status":"closed","template":"","meta":{"_themeisle_gutenberg_block_has_review":false,"_kad_post_transparent":"","_kad_post_title":"","_kad_post_layout":"","_kad_post_sidebar_id":"","_kad_post_content_style":"","_kad_post_vertical_padding":"","_kad_post_feature":"","_kad_post_feature_position":"","_kad_post_header":false,"_kad_post_footer":false,"footnotes":""},"class_list":["post-52","page","type-page","status-publish","hentry"],"_links":{"self":[{"href":"https:\/\/les.fa.unam.mx\/index.php\/wp-json\/wp\/v2\/pages\/52","targetHints":{"allow":["GET"]}}],"collection":[{"href":"https:\/\/les.fa.unam.mx\/index.php\/wp-json\/wp\/v2\/pages"}],"about":[{"href":"https:\/\/les.fa.unam.mx\/index.php\/wp-json\/wp\/v2\/types\/page"}],"author":[{"embeddable":true,"href":"https:\/\/les.fa.unam.mx\/index.php\/wp-json\/wp\/v2\/users\/1"}],"replies":[{"embeddable":true,"href":"https:\/\/les.fa.unam.mx\/index.php\/wp-json\/wp\/v2\/comments?post=52"}],"version-history":[{"count":4,"href":"https:\/\/les.fa.unam.mx\/index.php\/wp-json\/wp\/v2\/pages\/52\/revisions"}],"predecessor-version":[{"id":137,"href":"https:\/\/les.fa.unam.mx\/index.php\/wp-json\/wp\/v2\/pages\/52\/revisions\/137"}],"wp:attachment":[{"href":"https:\/\/les.fa.unam.mx\/index.php\/wp-json\/wp\/v2\/media?parent=52"}],"curies":[{"name":"wp","href":"https:\/\/api.w.org\/{rel}","templated":true}]}}